{"id":59,"date":"2023-11-29T07:56:04","date_gmt":"2023-11-29T07:56:04","guid":{"rendered":"https:\/\/presonc.w.uib.no\/?page_id=59"},"modified":"2023-12-02T10:06:05","modified_gmt":"2023-12-02T10:06:05","slug":"pog-publications","status":"publish","type":"page","link":"https:\/\/presonc.w.uib.no\/en\/pog-publications\/","title":{"rendered":"POG Publications"},"content":{"rendered":"<p>This page will soon include the publication lists of the whole Precision Oncology Group (POG) 2012-23<\/p>\n<p><a href=\"https:\/\/pubmed.ncbi.nlm.nih.gov\/?term=bj\u00f8rge+L+or+thomsen+LC&amp;filter=dates.2012%2F1%2F1-2022%2F12%2F31&amp;sort=date\">Line Bj\u00f8rge Lab<\/a><br \/>\n<a href=\"https:\/\/presonc.w.uib.no\/gjertsen-group-publications-2012-23\/\">Bj\u00f8rn Tore Gjertsen Lab<\/a><br \/>\n<a href=\"https:\/\/presonc.w.uib.no\/kallandpubl2012-23\/\">Karl-Henning Kalland Lab<\/a><br \/>\n<a href=\"https:\/\/presonc.w.uib.no\/mccormackpubl2012-22\/\">Mc Cormack Lab<\/a><br \/>\n<a href=\"https:\/\/presonc.w.uib.no\/myklebost-group-publications-2012-23\/\">Myklebost Lab<\/a><br \/>\n<a href=\"https:\/\/www.uib.no\/en\/rg\/lrg\/64348\/all-publications#2023\">H\u00e5kon Reikvam Lab<\/a><\/p>\n","protected":false},"excerpt":{"rendered":"<p>This page will soon include the publication lists of the whole Precision Oncology Group (POG) 2012-23 Line Bj\u00f8rge Lab Bj\u00f8rn Tore Gjertsen Lab Karl-Henning Kalland Lab Mc Cormack Lab Myklebost Lab H\u00e5kon Reikvam Lab<\/p>\n","protected":false},"author":3681,"featured_media":0,"parent":0,"menu_order":0,"comment_status":"closed","ping_status":"closed","template":"","meta":{"footnotes":""},"class_list":["post-59","page","type-page","status-publish","hentry"],"_links":{"self":[{"href":"https:\/\/presonc.w.uib.no\/en\/wp-json\/wp\/v2\/pages\/59","targetHints":{"allow":["GET"]}}],"collection":[{"href":"https:\/\/presonc.w.uib.no\/en\/wp-json\/wp\/v2\/pages"}],"about":[{"href":"https:\/\/presonc.w.uib.no\/en\/wp-json\/wp\/v2\/types\/page"}],"author":[{"embeddable":true,"href":"https:\/\/presonc.w.uib.no\/en\/wp-json\/wp\/v2\/users\/3681"}],"replies":[{"embeddable":true,"href":"https:\/\/presonc.w.uib.no\/en\/wp-json\/wp\/v2\/comments?post=59"}],"version-history":[{"count":10,"href":"https:\/\/presonc.w.uib.no\/en\/wp-json\/wp\/v2\/pages\/59\/revisions"}],"predecessor-version":[{"id":82,"href":"https:\/\/presonc.w.uib.no\/en\/wp-json\/wp\/v2\/pages\/59\/revisions\/82"}],"wp:attachment":[{"href":"https:\/\/presonc.w.uib.no\/en\/wp-json\/wp\/v2\/media?parent=59"}],"curies":[{"name":"wp","href":"https:\/\/api.w.org\/{rel}","templated":true}]}}